{"id":12,"date":"2024-07-16T13:30:21","date_gmt":"2024-07-16T17:30:21","guid":{"rendered":"https:\/\/vivalaoffline.com\/cart\/"},"modified":"2024-09-03T10:38:18","modified_gmt":"2024-09-03T14:38:18","slug":"panier","status":"publish","type":"page","link":"https:\/\/vivalaoffline.com\/en\/panier\/","title":{"rendered":"Panier"},"content":{"rendered":"\n<div data-block-name=\"woocommerce\/cart\" class=\"wp-block-woocommerce-cart alignwide is-loading\">\n<div data-block-name=\"woocommerce\/filled-cart-block\" class=\"wp-block-woocommerce-filled-cart-block\">\n<div data-block-name=\"woocommerce\/cart-items-block\" class=\"wp-block-woocommerce-cart-items-block\">\n<div data-block-name=\"woocommerce\/cart-line-items-block\" class=\"wp-block-woocommerce-cart-line-items-block\"><\/div>\n\n\n\n<div data-block-name=\"woocommerce\/cart-cross-sells-block\" class=\"wp-block-woocommerce-cart-cross-sells-block\">\n<h2 class=\"wp-block-heading has-large-font-size\">You may be interested in\u2026<\/h2>\n\n\n\n<div data-block-name=\"woocommerce\/cart-cross-sells-products-block\" class=\"wp-block-woocommerce-cart-cross-sells-products-block\"><\/div>\n<\/div>\n<\/div>\n\n\n\n<div data-block-name=\"woocommerce\/cart-totals-block\" class=\"wp-block-woocommerce-cart-totals-block\">\n<div data-block-name=\"woocommerce\/cart-order-summary-block\" class=\"wp-block-woocommerce-cart-order-summary-block\">\n<div data-block-name=\"woocommerce\/cart-order-summary-heading-block\" class=\"wp-block-woocommerce-cart-order-summary-heading-block\"><\/div><div data-block-name=\"woocommerce\/cart-order-summary-coupon-form-block\" class=\"wp-block-woocommerce-cart-order-summary-coupon-form-block\"><\/div><div data-block-name=\"woocommerce\/cart-order-summary-totals-block\" class=\"wp-block-woocommerce-cart-order-summary-totals-block\">\n<div data-block-name=\"woocommerce\/cart-order-summary-subtotal-block\" class=\"wp-block-woocommerce-cart-order-summary-subtotal-block\"><\/div>\n<div data-block-name=\"woocommerce\/cart-order-summary-discount-block\" class=\"wp-block-woocommerce-cart-order-summary-discount-block\"><\/div>\n<div data-block-name=\"woocommerce\/cart-order-summary-fee-block\" class=\"wp-block-woocommerce-cart-order-summary-fee-block\"><\/div>\n<div data-block-name=\"woocommerce\/cart-order-summary-shipping-block\" class=\"wp-block-woocommerce-cart-order-summary-shipping-block\"><\/div>\n<div data-block-name=\"woocommerce\/cart-order-summary-taxes-block\" class=\"wp-block-woocommerce-cart-order-summary-taxes-block\"><\/div><\/div>\n<\/div>\n\n\n\n<div data-block-name=\"woocommerce\/cart-express-payment-block\" class=\"wp-block-woocommerce-cart-express-payment-block\"><\/div>\n\n\n\n<div data-block-name=\"woocommerce\/proceed-to-checkout-block\" class=\"wp-block-woocommerce-proceed-to-checkout-block\"><\/div>\n\n\n\n<div data-block-name=\"woocommerce\/cart-accepted-payment-methods-block\" class=\"wp-block-woocommerce-cart-accepted-payment-methods-block\"><\/div>\n<\/div>\n<\/div>\n\n\n\n<div data-block-name=\"woocommerce\/empty-cart-block\" class=\"wp-block-woocommerce-empty-cart-block\">\n<h2 class=\"wp-block-heading has-text-align-center with-empty-cart-icon wc-block-cart__empty-cart__title\">Your cart is currently empty!<\/h2>\n\n\n\n<hr class=\"wp-block-separator has-alpha-channel-opacity is-style-dots\"\/>\n\n\n\n<h2 class=\"wp-block-heading has-text-align-center\">New in store<\/h2>\n\n\n<div data-block-name=\"woocommerce\/product-new\" data-columns=\"4\" data-rows=\"1\" class=\"wc-block-grid wp-block-product-new wp-block-woocommerce-product-new wc-block-product-new has-4-columns\"><ul class=\"wc-block-grid__products\"><li class=\"wc-block-grid__product\">\n\t\t\t\t<a href=\"https:\/\/vivalaoffline.com\/en\/produit\/coffret-a-telephone-aide-a-la-deconnexion\/\" class=\"wc-block-grid__product-link\">\n\t\t\t\t\t\n\t\t\t\t\t<div class=\"wc-block-grid__product-image\"><img loading=\"lazy\" decoding=\"async\" width=\"300\" height=\"300\" src=\"https:\/\/vivalaoffline.com\/wp-content\/uploads\/2024\/10\/Coffret-vivala1-300x300.webp\" class=\"attachment-woocommerce_thumbnail size-woocommerce_thumbnail\" alt=\"Coffret \u00e0 t\u00e9l\u00e9phone | Aide \u00e0 la d\u00e9connexion\" srcset=\"https:\/\/vivalaoffline.com\/wp-content\/uploads\/2024\/10\/Coffret-vivala1-300x300.webp 300w, https:\/\/vivalaoffline.com\/wp-content\/uploads\/2024\/10\/Coffret-vivala1-1024x1024.webp 1024w, https:\/\/vivalaoffline.com\/wp-content\/uploads\/2024\/10\/Coffret-vivala1-150x150.webp 150w, https:\/\/vivalaoffline.com\/wp-content\/uploads\/2024\/10\/Coffret-vivala1-768x768.webp 768w, https:\/\/vivalaoffline.com\/wp-content\/uploads\/2024\/10\/Coffret-vivala1-50x50.webp 50w, https:\/\/vivalaoffline.com\/wp-content\/uploads\/2024\/10\/Coffret-vivala1-650x650.webp 650w, https:\/\/vivalaoffline.com\/wp-content\/uploads\/2024\/10\/Coffret-vivala1-1000x1000.webp 1000w, https:\/\/vivalaoffline.com\/wp-content\/uploads\/2024\/10\/Coffret-vivala1-600x600.webp 600w, https:\/\/vivalaoffline.com\/wp-content\/uploads\/2024\/10\/Coffret-vivala1-100x100.webp 100w, https:\/\/vivalaoffline.com\/wp-content\/uploads\/2024\/10\/Coffret-vivala1.webp 1080w\" sizes=\"auto, (max-width: 300px) 100vw, 300px\" \/><\/div>\n\t\t\t\t\t<div class=\"wc-block-grid__product-title\">Coffret \u00e0 t\u00e9l\u00e9phone | Aide \u00e0 la d\u00e9connexion<\/div>\n\t\t\t\t<\/a>\n\t\t\t\t<div class=\"wc-block-grid__product-price price\"><span class=\"woocommerce-Price-amount amount\"><span class=\"woocommerce-Price-currencySymbol\">&#036;<\/span>65.00<\/span><\/div>\n\t\t\t\t\n\t\t\t\t<div class=\"wp-block-button wc-block-grid__product-add-to-cart\"><a href=\"\/en\/wp-json\/wp\/v2\/pages\/12?add-to-cart=5790\" aria-label=\"Add to cart: &ldquo;Coffret \u00e0 t\u00e9l\u00e9phone | Aide \u00e0 la d\u00e9connexion&rdquo;\" data-quantity=\"1\" data-product_id=\"5790\" data-product_sku=\"\" data-price=\"65\" rel=\"nofollow\" class=\"wp-block-button__link  add_to_cart_button ajax_add_to_cart\"><\/a><\/div>\n\t\t\t<\/li><li class=\"wc-block-grid__product\">\n\t\t\t\t<a href=\"https:\/\/vivalaoffline.com\/en\/produit\/livre-moins-decrans-plus-de-moments-presents\/\" class=\"wc-block-grid__product-link\">\n\t\t\t\t\t\n\t\t\t\t\t<div class=\"wc-block-grid__product-image\"><img loading=\"lazy\" decoding=\"async\" width=\"300\" height=\"300\" src=\"https:\/\/vivalaoffline.com\/wp-content\/uploads\/2024\/07\/Livre-Vivala-fond-blanc-300x300.jpg\" class=\"attachment-woocommerce_thumbnail size-woocommerce_thumbnail\" alt=\"Livre - Moins d\u2019\u00e9crans\u00a0 Plus de moments pr\u00e9sents\" srcset=\"https:\/\/vivalaoffline.com\/wp-content\/uploads\/2024\/07\/Livre-Vivala-fond-blanc-300x300.jpg 300w, https:\/\/vivalaoffline.com\/wp-content\/uploads\/2024\/07\/Livre-Vivala-fond-blanc-100x100.jpg 100w, https:\/\/vivalaoffline.com\/wp-content\/uploads\/2024\/07\/Livre-Vivala-fond-blanc-600x600.jpg 600w, https:\/\/vivalaoffline.com\/wp-content\/uploads\/2024\/07\/Livre-Vivala-fond-blanc-1024x1024.jpg 1024w, https:\/\/vivalaoffline.com\/wp-content\/uploads\/2024\/07\/Livre-Vivala-fond-blanc-150x150.jpg 150w, https:\/\/vivalaoffline.com\/wp-content\/uploads\/2024\/07\/Livre-Vivala-fond-blanc-768x768.jpg 768w, https:\/\/vivalaoffline.com\/wp-content\/uploads\/2024\/07\/Livre-Vivala-fond-blanc-50x50.jpg 50w, https:\/\/vivalaoffline.com\/wp-content\/uploads\/2024\/07\/Livre-Vivala-fond-blanc-650x650.jpg 650w, https:\/\/vivalaoffline.com\/wp-content\/uploads\/2024\/07\/Livre-Vivala-fond-blanc-1000x1000.jpg 1000w, https:\/\/vivalaoffline.com\/wp-content\/uploads\/2024\/07\/Livre-Vivala-fond-blanc.jpg 1080w\" sizes=\"auto, (max-width: 300px) 100vw, 300px\" \/><\/div>\n\t\t\t\t\t<div class=\"wc-block-grid__product-title\">Livre &#8211; Moins d\u2019\u00e9crans\u00a0 Plus de moments pr\u00e9sents<\/div>\n\t\t\t\t<\/a>\n\t\t\t\t<div class=\"wc-block-grid__product-price price\"><span class=\"woocommerce-Price-amount amount\"><span class=\"woocommerce-Price-currencySymbol\">&#036;<\/span>45.90<\/span><\/div>\n\t\t\t\t\n\t\t\t\t<div class=\"wp-block-button wc-block-grid__product-add-to-cart\"><a href=\"\/en\/wp-json\/wp\/v2\/pages\/12?add-to-cart=4893\" aria-label=\"Add to cart: &ldquo;Livre - Moins d\u2019\u00e9crans\u00a0 Plus de moments pr\u00e9sents&rdquo;\" data-quantity=\"1\" data-product_id=\"4893\" data-product_sku=\"\" data-price=\"45.9\" rel=\"nofollow\" class=\"wp-block-button__link  add_to_cart_button ajax_add_to_cart\"><\/a><\/div>\n\t\t\t<\/li><\/ul><\/div><\/div>\n<\/div>\n","protected":false},"excerpt":{"rendered":"<p><a href=\"https:\/\/vivalaoffline.com\/en\/panier\/\" class=\"more-link style1-button\">Read More<\/a><\/p>","protected":false},"author":1,"featured_media":0,"parent":0,"menu_order":0,"comment_status":"closed","ping_status":"closed","template":"","meta":{"footnotes":""},"class_list":["post-12","page","type-page","status-publish","hentry"],"_links":{"self":[{"href":"https:\/\/vivalaoffline.com\/en\/wp-json\/wp\/v2\/pages\/12","targetHints":{"allow":["GET"]}}],"collection":[{"href":"https:\/\/vivalaoffline.com\/en\/wp-json\/wp\/v2\/pages"}],"about":[{"href":"https:\/\/vivalaoffline.com\/en\/wp-json\/wp\/v2\/types\/page"}],"author":[{"embeddable":true,"href":"https:\/\/vivalaoffline.com\/en\/wp-json\/wp\/v2\/users\/1"}],"replies":[{"embeddable":true,"href":"https:\/\/vivalaoffline.com\/en\/wp-json\/wp\/v2\/comments?post=12"}],"version-history":[{"count":0,"href":"https:\/\/vivalaoffline.com\/en\/wp-json\/wp\/v2\/pages\/12\/revisions"}],"wp:attachment":[{"href":"https:\/\/vivalaoffline.com\/en\/wp-json\/wp\/v2\/media?parent=12"}],"curies":[{"name":"wp","href":"https:\/\/api.w.org\/{rel}","templated":true}]}}