{"id":5530,"date":"2024-08-01T11:28:36","date_gmt":"2024-08-01T15:28:36","guid":{"rendered":"https:\/\/vivalaoffline.com\/conditions-generales-de-vente-des-produits-vivala\/"},"modified":"2025-04-09T16:54:03","modified_gmt":"2025-04-09T20:54:03","slug":"conditions-generales-de-vente-des-produits-vivala","status":"publish","type":"page","link":"https:\/\/vivalaoffline.com\/en\/conditions-generales-de-vente-des-produits-vivala\/","title":{"rendered":"Conditions g\u00e9n\u00e9rales de ventes"},"content":{"rendered":"\n<p>LES CONDITIONS CI-DESSOUS S\u2019APPLIQUENT \u00c0 TOUTES LES VENTES CONCLUES SUR LE SITE DE LA BOUTIQUE DE VIVALA DE LA SOCI\u00c9T\u00c9 GROUPE VIVALA INC, SITU\u00c9E AU QU\u00c9BEC, CANADA.<\/p>\n\n\n\n<p>POUR LES CONDITIONS DE VENTE RELATIVE \u00c0 NOS RETRAITES, CONSULTER <a href=\"https:\/\/vivalaoffline.com\/conditions-de-vente-retraite-bye-la-fatigue-numerique\/\" target=\"_blank\" rel=\"noreferrer noopener\">CETTE PAGE SVP.<\/a><\/p>\n\n\n\n<h3 class=\"wp-block-heading\" id=\"disponibilite\"><strong>Disponibilit\u00e9<\/strong><\/h3>\n\n\n\n<p>Les produits \u00e0 la vente sont en stock. Si un produit est command\u00e9 alors qu\u2019il \u00e9tait en rupture de stock, le client sera contact\u00e9 afin de savoir s\u2019il souhaite un remboursement ou s\u2019il est d\u2019accord pour accepter un d\u00e9lai de livraison plus long.<\/p>\n\n\n\n<h3 class=\"wp-block-heading\" id=\"prix\"><strong>Prix<\/strong><\/h3>\n\n\n\n<p>Les prix affich\u00e9s sur la boutique sont en CAD, selon le choix de l\u2019utilisateur, avant taxes et sans frais de port. Les frais de livraison seront calcul\u00e9s pour le Qu\u00e9bec, le Canada et les \u00c9tats-Unis dans le panier lors de la validation de la commande. Les \u00e9ventuels frais de douanes et taxes locales sont \u00e0 la charge du destinataire. Le montant de l\u2019achat doit \u00eatre pay\u00e9 en totalit\u00e9 et en un seul versement lors de la commande.<\/p>\n\n\n\n<p>Les prix peuvent \u00eatre modifi\u00e9s sans pr\u00e9avis.<\/p>\n\n\n\n<h3 class=\"wp-block-heading\" id=\"paiement\"><strong>Paiement<\/strong><\/h3>\n\n\n\n<p>Les commandes pass\u00e9es sur notre boutique en ligne doivent \u00eatre pay\u00e9es par carte de cr\u00e9dit ou carte bancaire.<\/p>\n\n\n\n<h3 class=\"wp-block-heading\" id=\"livraison\"><strong>Livraison<\/strong><\/h3>\n\n\n\n<p>Les frais de livraison couvrent les frais de pr\u00e9paration et d\u2019emballage ainsi que l\u2019affranchissement pour le Qu\u00e9bec, Canada. Pour toute commande hors Canada, pour des produits autre que num\u00e9rique, des frais de livraison suppl\u00e9mentaires pourraient \u00eatre demand\u00e9s.<\/p>\n\n\n\n<p>Les commandes sont envoy\u00e9es dans un d\u00e9lai de 3 \u00e0 5 jours ouvr\u00e9s. La r\u00e9ception de la commande d\u00e9pend du lieu du destinataire. Nous ne pouvons pas \u00eatre tenu responsable en qu\u2019\u00e0 de retard de livraison. Il est possible de demander une livraison express, en nous contactant.<\/p>\n\n\n\n<p>Nous ne serons pas tenu responsable en cas d\u2019erreur dans les coordonn\u00e9es et adresse de livraison qui seront rentr\u00e9s lors de la commande.<\/p>\n\n\n\n<p>Pour les produits num\u00e9riques, le lieux de livraison sera l\u2019adresse courriel \/ email ou le compte de l\u2019utilisateur (trice). Le client est seul responsable de la non transmission des produits achet\u00e9s si le courriel\/ email ou renseignement n\u00e9cessaire au bon traitement est erron\u00e9 et ne permet pas la livraison du produit achet\u00e9.<\/p>\n\n\n\n<p>En cas de colis endommag\u00e9, merci de nous faire parvenir une photo du carton non ouvert ou du produit ab\u00eem\u00e9 dans un d\u00e9lai de 24 heures \u00e0 r\u00e9ception. Nous serons en mesure de vous adresser ainsi un nouveau produit ou de vous rembourser si le produit n\u2019est plus disponible.<\/p>\n\n\n\n<h3 class=\"wp-block-heading\" id=\"retour\"><strong>Responsabilit\u00e9<\/strong><\/h3>\n\n\n\n<p>Le Groupe Vivala Inc ne pourra pas \u00eatre tenu responsable en cas de probl\u00e8mes, d\u2019allergie et\/ou intol\u00e9rance li\u00e9 \u00e0 ses produits. <\/p>\n\n\n\n<h3 class=\"wp-block-heading\" id=\"retour\"><strong>Retour<\/strong><\/h3>\n\n\n\n<p>Les produits Vivala sont neufs et sans d\u00e9faut et sont des ventes finales.<\/p>\n\n\n\n<p>Aucun retour possible avec un produit num\u00e9rique.<\/p>\n\n\n\n<h3 class=\"wp-block-heading\" id=\"renseignements-personnels\"><strong>Renseignements personnels<\/strong><\/h3>\n\n\n\n<p>Les donn\u00e9es personnelles enregistr\u00e9es sont celles n\u00e9cessaires au traitement des commandes.<a href=\"https:\/\/vivalaoffline.com\/en\/politique-de-confidentialite\/\">&nbsp;Consulter notre politique de confidentialit\u00e9<\/a>&nbsp;pour en savoir plus.<\/p>\n\n\n\n<h3 class=\"wp-block-heading\" id=\"propriete-intellectuelle\"><strong>Propri\u00e9t\u00e9 intellectuelle<\/strong><\/h3>\n\n\n\n<p><strong>La marque, les produits, produits num\u00e9riques font l\u2019objet de droits de propri\u00e9t\u00e9 intellectuelle et restent la propri\u00e9t\u00e9 exclusive de Groupe Vivala Inc. <\/strong>Aucune cession de droits de propri\u00e9t\u00e9 intellectuelle n\u2019est r\u00e9alis\u00e9e au travers des pr\u00e9sentes Conditions G\u00e9n\u00e9rales de Vente. Toute reproduction totale ou partielle, modification ou utilisation de ces biens pour quelque motif que ce soit est strictement interdite.<\/p>\n\n\n\n<p><em>Cas des formations, ateliers et conf\u00e9rence en ligne:<\/em><\/p>\n\n\n\n<p><strong>Aucun enregistrement ni t\u00e9l\u00e9chargement de vid\u00e9os et audios ne sont autoris\u00e9s. Toute reproduction, copie ou transfert de contenu Vivala, par un client ou une personne employ\u00e9 chez un client est formellement interdite, sans autorisation \u00e9crite et sign\u00e9e de la part d&#8217;un responsable officiel de Vivala. Des poursuites pourront \u00eatre entam\u00e9es par Vivala en cas de violation de cette clause.<\/strong><\/p>\n\n\n\n<h3 class=\"wp-block-heading\" id=\"droits-applicables\"><strong>Droits applicables<\/strong><\/h3>\n\n\n\n<p>De convention expresse entre les parties, les pr\u00e9sentes Conditions G\u00e9n\u00e9rales de Vente et les op\u00e9rations d\u2019achat et de vente qui en d\u00e9coulent sont soumis aux lois applicables dans la province de Qu\u00e9bec et au Canada.<\/p>\n\n\n\n<p>Les parties conviennent, pour toute r\u00e9clamation ou poursuite judiciaire de quelque nature que ce soit, relativement \u00e0 l\u2019ex\u00e9cution et l\u2019interpr\u00e9tation des Conditions G\u00e9n\u00e9rales de Vente, de choisir le district judiciaire de Montr\u00e9al, province de Qu\u00e9bec, Canada, comme le lieu appropri\u00e9 pour l\u2019audition desdites r\u00e9clamations ou poursuite judiciaires.<\/p>\n","protected":false},"excerpt":{"rendered":"<p>LES CONDITIONS CI-DESSOUS S\u2019APPLIQUENT \u00c0 TOUTES LES VENTES CONCLUES SUR LE SITE DE LA BOUTIQUE DE VIVALA DE LA SOCI\u00c9T\u00c9 GROUPE VIVALA INC, SITU\u00c9E AU QU\u00c9BEC, CANADA. POUR LES CONDITIONS [&hellip;]<\/p>\n<p><a href=\"https:\/\/vivalaoffline.com\/en\/conditions-generales-de-vente-des-produits-vivala\/\" class=\"more-link style1-button\">Read More<\/a><\/p>","protected":false},"author":1,"featured_media":0,"parent":0,"menu_order":0,"comment_status":"closed","ping_status":"closed","template":"","meta":{"footnotes":""},"class_list":["post-5530","page","type-page","status-publish","hentry"],"_links":{"self":[{"href":"https:\/\/vivalaoffline.com\/en\/wp-json\/wp\/v2\/pages\/5530","targetHints":{"allow":["GET"]}}],"collection":[{"href":"https:\/\/vivalaoffline.com\/en\/wp-json\/wp\/v2\/pages"}],"about":[{"href":"https:\/\/vivalaoffline.com\/en\/wp-json\/wp\/v2\/types\/page"}],"author":[{"embeddable":true,"href":"https:\/\/vivalaoffline.com\/en\/wp-json\/wp\/v2\/users\/1"}],"replies":[{"embeddable":true,"href":"https:\/\/vivalaoffline.com\/en\/wp-json\/wp\/v2\/comments?post=5530"}],"version-history":[{"count":0,"href":"https:\/\/vivalaoffline.com\/en\/wp-json\/wp\/v2\/pages\/5530\/revisions"}],"wp:attachment":[{"href":"https:\/\/vivalaoffline.com\/en\/wp-json\/wp\/v2\/media?parent=5530"}],"curies":[{"name":"wp","href":"https:\/\/api.w.org\/{rel}","templated":true}]}}