{"id":5545,"date":"2024-07-15T10:19:55","date_gmt":"2024-07-15T14:19:55","guid":{"rendered":"https:\/\/vivalaoffline.com\/politique-de-confidentialite\/"},"modified":"2025-04-09T16:50:53","modified_gmt":"2025-04-09T20:50:53","slug":"politique-de-confidentialite","status":"publish","type":"page","link":"https:\/\/vivalaoffline.com\/en\/politique-de-confidentialite\/","title":{"rendered":"Politique de confidentialit\u00e9"},"content":{"rendered":"\n<p><a href=\"https:\/\/vivalaoffline.com\/conditions-de-vente-retraite-bye-la-fatigue-numerique\/\">Cliquez ici pour lire notre politique de vente pour nos retraites ><\/a><\/p>\n\n\n\n<p>Dans le cadre de ses activit\u00e9s, Vivala collecte, utilise et traite des renseignements afin de r\u00e9aliser sa mission aupr\u00e8s des entreprises et des individus. La pr\u00e9sente Politique de confidentialit\u00e9 a pour but de vous informer de nos pratiques en mati\u00e8re de collecte, d\u2019utilisation, de traitement, de divulgation, de conservation et de destruction des renseignements personnels.<\/p>\n\n\n\n<p>En nous communiquant des renseignements personnels, vous acceptez que ceux-ci soient trait\u00e9s conform\u00e9ment \u00e0 ce qui est indiqu\u00e9 dans la pr\u00e9sente politique, et vous autorisez Vivala, ses partenaires, et ses fournisseurs de services (le cas \u00e9ch\u00e9ant) \u00e0 traiter vos renseignements personnels conform\u00e9ment aux fins \u00e9nonc\u00e9es ci-dessous.<\/p>\n\n\n\n<h3 class=\"wp-block-heading\">Lois applicables<\/h3>\n\n\n\n<p>Cette politique est conforme aux lois \u00e9nonc\u00e9es dans la loi sur la protection des renseignements personnels et les documents \u00e9lectroniques (LPRPDE).<\/p>\n\n\n\n<p>Pour les r\u00e9sidents des pays de l\u2019UE, le R\u00e8glement g\u00e9n\u00e9ral sur la protection des donn\u00e9es (RGDP) r\u00e9git toutes les politiques de protection des donn\u00e9es, quel que soit l\u2019endroit o\u00f9 se trouve le site. La pr\u00e9sente politique de confidentialit\u00e9 vise \u00e0 se conformer au RGDP. S\u2019il y a des incoh\u00e9rences entre la pr\u00e9sente politique et le RGDP, le RGDP s\u2019appliquera.<\/p>\n\n\n\n<p>Pour les r\u00e9sidents de l\u2019\u00c9tat de Californie, cette politique de confidentialit\u00e9 vise \u00e0 se conformer \u00e0 la California Consumer Privacy Act (CCPA). S\u2019il y a des incoh\u00e9rences entre ce document et la CCPA, la l\u00e9gislation de l\u2019\u00c9tat s\u2019appliquera. Si nous constatons des incoh\u00e9rences, nous modifierons notre politique pour nous conformer \u00e0 la loi pertinente.<\/p>\n\n\n\n<h3 class=\"wp-block-heading\">Consentement<\/h3>\n\n\n\n<p>Les utilisateurs conviennent qu\u2019en utilisant notre site et\/ou en faisant affaire avec nous, ils consentent \u00e0 :<br>a. les conditions \u00e9nonc\u00e9es dans la pr\u00e9sente politique de confidentialit\u00e9 et<br>b. la collecte, l\u2019utilisation et la conservation des donn\u00e9es \u00e9num\u00e9r\u00e9es dans la pr\u00e9sente politique.<\/p>\n\n\n\n<h3 class=\"wp-block-heading\">Collecte<\/h3>\n\n\n\n<p>Vivala collecte des informations d\u2019affaires avec ses clients (nom et pr\u00e9nom du contact, nom de l\u2019organisation, courriel et t\u00e9l\u00e9phone professionnel) par le biais de son site web, par courriel et t\u00e9l\u00e9phone.<\/p>\n\n\n\n<p>Vivala peut collecter des donn\u00e9es personnelles par le biais de son site web (boutique en ligne) telles que&nbsp;: nom, pr\u00e9nom, adresse postale, courriel et t\u00e9l\u00e9phone, adresse IP.<\/p>\n\n\n\n<h5 class=\"wp-block-heading\">Donn\u00e9es personnelles que nous collectons<\/h5>\n\n\n\n<p><strong>Donn\u00e9es collect\u00e9es automatiquement<\/strong><br>Lorsque vous visitez et utilisez notre site, nous pouvons automatiquement recueillir et conserver les renseignements suivants via notre site web WordPress et sur notre boutique WooCommerce:<br>a. Adresse IP (site web)<br>b. Lieu (site web)<br>c. D\u00e9tails mat\u00e9riels et logiciels (site web)<br>d. Liens un utilisateur clique tout en utilisant le site (site web)<br>e. Contenu que l\u2019utilisateur consulte ou transmet sur le site (site web)<br>f. Adresse postale (site web lors des commandes)<br>g. Num\u00e9ro de t\u00e9l\u00e9phone (site web)<br>h. Courriel (site web )<br>i. Nom, pr\u00e9nom (site web )<\/p>\n\n\n\n<p><strong>Donn\u00e9es recueillies de fa\u00e7on non automatique<\/strong><\/p>\n\n\n\n<p>Nous pouvons \u00e9galement collecter les donn\u00e9es suivantes lorsque vous effectuez certaines fonctions sur notre site web :<\/p>\n\n\n\n<p>a. Pr\u00e9nom et nom<br>b. Courriel<br>c. Num\u00e9ro de t\u00e9l\u00e9phone<br>d. Domicile<br>e. Information de paiement<br>f. Donn\u00e9es de remplissage automatique. Ces donn\u00e9es peuvent \u00eatre recueillies au moyen des m\u00e9thodes suivantes : cr\u00e9ation d\u2019un compte, paiement d\u2019un abonnement, achat sur la boutique en ligne.<\/p>\n\n\n\n<p>Veuillez noter que nous ne collectons que les donn\u00e9es qui nous aident \u00e0 atteindre l\u2019objectif \u00e9nonc\u00e9 dans cette politique de confidentialit\u00e9. Nous ne recueillerons pas de donn\u00e9es suppl\u00e9mentaires sans vous en informer au pr\u00e9alable.<\/p>\n\n\n\n<h5 class=\"wp-block-heading\">Comment nous utilisons les donn\u00e9es personnelles<\/h5>\n\n\n\n<p>Les donn\u00e9es personnelles recueillies sur notre site peuvent \u00eatre utilis\u00e9es uniquement aux fins pr\u00e9cis\u00e9es dans la pr\u00e9sente politique ou indiqu\u00e9es sur les pages pertinentes de notre site. Nous n\u2019utiliserons pas vos donn\u00e9es au-del\u00e0 de ce que nous divulguerons.<\/p>\n\n\n\n<p>Les donn\u00e9es que nous recueillons automatiquement sont utilis\u00e9es aux fins suivantes :<\/p>\n\n\n\n<p>a. Infolettre (quand vous d\u00e9cidez de vous inscrire ou que vous nous le demandez)<\/p>\n\n\n\n<p>b. Google Analytics<\/p>\n\n\n\n<p>c. Pour traiter les commandes<\/p>\n\n\n\n<p>d. Pour envoyer des informations ponctuelles par courriel \u2013 email (vous pouvez demander \u00e0 ne plus recevoir nos messages \u00e0 tout moment en faisant la demande par message, traitement r\u00e9serv\u00e9 aux contacts professionnels: coordonn\u00e9es partag\u00e9es sur salon professionnel, client ou ancien client, inscription sur un de nos webinaires ou partenaires d\u2019affaires)<\/p>\n\n\n\n<h5 class=\"wp-block-heading\">Avec qui nous partageons les donn\u00e9es personnelles<\/h5>\n\n\n\n<p>Vous autorisez Vivala \u00e0 communiquer vos renseignements personnels (le cas \u00e9ch\u00e9ant) en lien avec les besoins que vous aurez exprim\u00e9s pour votre entreprise ou vous-m\u00eame, aux partenaires ou fournisseurs de services que nous aurons identifi\u00e9s pour vous. Il n\u2019y aura aucune autre divulgation.<\/p>\n\n\n\n<p><strong>Autres divulgations<\/strong><br>Nous nous engageons \u00e0 ne pas vendre ou partager vos donn\u00e9es avec des tiers, sauf dans les cas suivants :<br>a. si la loi l\u2019exige<br>b. si elle est requise pour toute proc\u00e9dure judiciaire<br>c. pour prouver ou prot\u00e9ger nos droits l\u00e9gaux<\/p>\n\n\n\n<p>Si vous suivez des hyperliens de notre site vers un autre site, veuillez noter que nous ne sommes pas responsables et n\u2019avons pas de contr\u00f4le sur leurs politiques et pratiques de confidentialit\u00e9.<\/p>\n\n\n\n<p><strong>Combien de temps nous stockons les donn\u00e9es personnelles<\/strong><\/p>\n\n\n\n<p>Les renseignements personnels que vous transmettez \u00e0 Vivala sont conserv\u00e9s uniquement pour le temps correspondant aux fins pour lesquelles elles ont \u00e9t\u00e9 collect\u00e9es ;<\/p>\n\n\n\n<p><strong>Destruction :<\/strong><\/p>\n\n\n\n<p>Les renseignements personnels que vous transmettez \u00e0 Vivala seront d\u00e9truits dans les 30 jours de leur fin de vie utile.<\/p>\n\n\n\n<p><strong>Comment nous prot\u00e9geons vos donn\u00e9es personnelles<\/strong><br>Afin d\u2019assurer la protection de votre s\u00e9curit\u00e9, nous utilisons un site web s\u00e9curit\u00e9 HTTPS pour transmettre des renseignements personnels dans notre syst\u00e8me. Alors que nous prenons toutes les pr\u00e9cautions raisonnables pour nous assurer que nos donn\u00e9es d\u2019utilisateur sont s\u00e9curis\u00e9es et que les utilisateurs sont prot\u00e9g\u00e9s, il reste toujours du risque de pr\u00e9judice.<br>CEPENDANT, \u00c9TANT DONN\u00c9 LA NATURE M\u00caME DU R\u00c9SEAU PUBLIC QU\u2019EST L\u2019INTERNET, VOUS RECONNAISSEZ ET ACCEPTEZ QUE LA S\u00c9CURIT\u00c9 DES TRANSMISSIONS VIA INTERNET NE PUISSE \u00caTRE GARANTIE. EN CONS\u00c9QUENCE, NOUS NE POUVONS GARANTIR NI N\u2019ASSUMONS AUCUNE RESPONSABILIT\u00c9 POUR TOUTE VIOLATION DE CONFIDENTIALIT\u00c9, PIRATAGE, VIRUS, PERTE OU ALT\u00c9RATION DES DONN\u00c9ES DE L\u2019UTILISATEUR TRANSMISES PAR INTERNET OU H\u00c9BERG\u00c9ES SUR NOS SYST\u00c8MES.<\/p>\n\n\n\n<p>ATTENTION, Vivala ne demande jamais d\u2019informations confidentielles via les canaux de communication des r\u00e9seaux sociaux.<\/p>\n\n\n\n<p><strong>Vos droits<\/strong><br>Vous avez le droit d\u2019acc\u00e9der \u00e0 toutes vos donn\u00e9es personnelles que nous avons collect\u00e9es. En outre, vous avez le droit de mettre \u00e0 jour ou de corriger toute donn\u00e9e personnelle en notre possession \u00e0 condition qu\u2019elle soit acceptable en vertu de la loi.<br>Vous pouvez choisir de supprimer ou de modifier votre consentement \u00e0 la collecte et \u00e0 l\u2019utilisation des donn\u00e9es en tout temps, pourvu qu\u2019il soit l\u00e9galement acceptable de le faire et que vous nous en ayez inform\u00e9 dans un d\u00e9lai raisonnable.<\/p>\n\n\n\n<p><br><strong>Comment modifier, supprimer ou contester les donn\u00e9es recueillies<\/strong><br>Si vous souhaitez que vos renseignements soient supprim\u00e9s ou modifi\u00e9s d\u2019une fa\u00e7on ou d\u2019une autre, veuillez communiquer avec notre agent de protection de la vie priv\u00e9e ici qui traitera votre demande dans un d\u00e9lai de 30 jours :&nbsp;support@vivalaoffline.com<\/p>\n\n\n\n<p><strong>Proc\u00e9dure interne<\/strong><\/p>\n\n\n\n<p>Vivala a \u00e9tablit une proc\u00e9dure interne relative \u00e0 la protection des donn\u00e9es personnelles et informations confidentielles afin de:<\/p>\n\n\n\n<ul class=\"wp-block-list\">\n<li>traiter un incident de cyberattaque potentiel<\/li>\n\n\n\n<li>former ou sensibiliser son \u00e9quipe \/ fournisseur sur les bonnes pratiques<\/li>\n\n\n\n<li>g\u00e9rer une demande de d\u00e9sindexation<\/li>\n<\/ul>\n\n\n\n<h4 class=\"wp-block-heading\">Modifications<\/h4>\n\n\n\n<p><br>Cette politique de confidentialit\u00e9 peut \u00eatre modifi\u00e9e \u00e0 l\u2019occasion afin de maintenir la conformit\u00e9 avec la loi et de tenir compte de tout changement \u00e0 notre processus de collecte de donn\u00e9es. Nous vous recommandons de v\u00e9rifier notre politique de temps \u00e0 autre pour vous assurer d\u2019\u00eatre inform\u00e9 de toute mise \u00e0 jour. En cas de mise \u00e0 jour jug\u00e9e importante, nous pouvons informer les utilisateurs par courriel des changements apport\u00e9s \u00e0 cette politique.<\/p>\n","protected":false},"excerpt":{"rendered":"<p>Cliquez ici pour lire notre politique de vente pour nos retraites > Dans le cadre de ses activit\u00e9s, Vivala collecte, utilise et traite des renseignements afin de r\u00e9aliser sa mission [&hellip;]<\/p>\n<p><a href=\"https:\/\/vivalaoffline.com\/en\/politique-de-confidentialite\/\" class=\"more-link style1-button\">Read More<\/a><\/p>","protected":false},"author":1,"featured_media":0,"parent":0,"menu_order":0,"comment_status":"closed","ping_status":"closed","template":"","meta":{"footnotes":""},"class_list":["post-5545","page","type-page","status-publish","hentry"],"_links":{"self":[{"href":"https:\/\/vivalaoffline.com\/en\/wp-json\/wp\/v2\/pages\/5545","targetHints":{"allow":["GET"]}}],"collection":[{"href":"https:\/\/vivalaoffline.com\/en\/wp-json\/wp\/v2\/pages"}],"about":[{"href":"https:\/\/vivalaoffline.com\/en\/wp-json\/wp\/v2\/types\/page"}],"author":[{"embeddable":true,"href":"https:\/\/vivalaoffline.com\/en\/wp-json\/wp\/v2\/users\/1"}],"replies":[{"embeddable":true,"href":"https:\/\/vivalaoffline.com\/en\/wp-json\/wp\/v2\/comments?post=5545"}],"version-history":[{"count":0,"href":"https:\/\/vivalaoffline.com\/en\/wp-json\/wp\/v2\/pages\/5545\/revisions"}],"wp:attachment":[{"href":"https:\/\/vivalaoffline.com\/en\/wp-json\/wp\/v2\/media?parent=5545"}],"curies":[{"name":"wp","href":"https:\/\/api.w.org\/{rel}","templated":true}]}}