{"id":5790,"date":"2024-10-07T14:39:44","date_gmt":"2024-10-07T18:39:44","guid":{"rendered":"https:\/\/vivalaoffline.com\/?post_type=product&#038;p=5790"},"modified":"2024-10-07T14:46:16","modified_gmt":"2024-10-07T18:46:16","slug":"coffret-a-telephone-aide-a-la-deconnexion","status":"publish","type":"product","link":"https:\/\/vivalaoffline.com\/en\/produit\/coffret-a-telephone-aide-a-la-deconnexion\/","title":{"rendered":"Coffret \u00e0 t\u00e9l\u00e9phone | Aide \u00e0 la d\u00e9connexion"},"content":{"rendered":"<p><strong>Coffrets en cuir pour cr\u00e9er une nouvelle habitude de d\u00e9connexion:<\/strong><\/p>\n<ul>\n<li><strong>afin de prot\u00e9ger vos temps de concentration au bureau<\/strong><\/li>\n<li><strong>pour am\u00e9liorer votre d\u00e9connexion \u00e0 la maison<\/strong><\/li>\n<li><strong>r\u00e9duire les connexions durant les r\u00e9unions en \u00e9quipe<\/strong><\/li>\n<li><strong>lancer un d\u00e9fi de famille pour des repas sans \u00e9crans<\/strong><\/li>\n<\/ul>\n<p>&nbsp;<\/p>\n<p>FABRICATION DANS LES LAURENTIDES<\/p>\n<p>Enti\u00e8rement con\u00e7u \u00e0 la main au Qu\u00e9bec.<\/p>\n<p>CAPACIT\u00c9<\/p>\n<p>Le coffret peut contenir entre 4 \u00e0 5 t\u00e9l\u00e9phones.<\/p>\n<p>Il a 4 coins ouverts pour permettre de glisser un fil pour charger le t\u00e9l\u00e9phone pendant votre p\u00e9riode de d\u00e9connexion.<\/p>\n<p>AIDE \u00c0 LA D\u00c9CONNEXION<\/p>\n<p><strong>Il vient avec un mini guide d&#8217;utilisation pour guider votre changement d&#8217;habitudes.<\/strong><\/p>\n<p>CO\u00dbT ET LIVRAISON<\/p>\n<p>Le tarif de 65$+ taxes comprend les frais de livraison au Qu\u00e9bec.<\/p>\n<p>&nbsp;<\/p>\n<p>Vous d\u00e9sirez en commander plus de 5 pour votre \u00e9tablissement?<\/p>\n<p>Demandez une soumission personnalis\u00e9e en nous contactant dans le formulaire g\u00e9n\u00e9ral \ud83d\ude42<\/p>\n","protected":false},"excerpt":{"rendered":"<p><img loading=\"lazy\" decoding=\"async\" class=\"alignnone size-medium wp-image-5791\" src=\"https:\/\/vivalaoffline.com\/wp-content\/uploads\/2024\/10\/Coffret-vivala1-300x300.webp\" alt=\"\" width=\"300\" height=\"300\" srcset=\"https:\/\/vivalaoffline.com\/wp-content\/uploads\/2024\/10\/Coffret-vivala1-300x300.webp 300w, https:\/\/vivalaoffline.com\/wp-content\/uploads\/2024\/10\/Coffret-vivala1-1024x1024.webp 1024w, https:\/\/vivalaoffline.com\/wp-content\/uploads\/2024\/10\/Coffret-vivala1-150x150.webp 150w, https:\/\/vivalaoffline.com\/wp-content\/uploads\/2024\/10\/Coffret-vivala1-768x768.webp 768w, https:\/\/vivalaoffline.com\/wp-content\/uploads\/2024\/10\/Coffret-vivala1-50x50.webp 50w, https:\/\/vivalaoffline.com\/wp-content\/uploads\/2024\/10\/Coffret-vivala1-650x650.webp 650w, https:\/\/vivalaoffline.com\/wp-content\/uploads\/2024\/10\/Coffret-vivala1-1000x1000.webp 1000w, https:\/\/vivalaoffline.com\/wp-content\/uploads\/2024\/10\/Coffret-vivala1-600x600.webp 600w, https:\/\/vivalaoffline.com\/wp-content\/uploads\/2024\/10\/Coffret-vivala1-100x100.webp 100w, https:\/\/vivalaoffline.com\/wp-content\/uploads\/2024\/10\/Coffret-vivala1.webp 1080w\" sizes=\"auto, (max-width: 300px) 100vw, 300px\" \/> <img loading=\"lazy\" decoding=\"async\" class=\"alignnone size-medium wp-image-5793\" src=\"https:\/\/vivalaoffline.com\/wp-content\/uploads\/2024\/10\/coffret-vivala-3-246x300.jpg\" alt=\"\" width=\"246\" height=\"300\" srcset=\"https:\/\/vivalaoffline.com\/wp-content\/uploads\/2024\/10\/coffret-vivala-3-246x300.jpg 246w, https:\/\/vivalaoffline.com\/wp-content\/uploads\/2024\/10\/coffret-vivala-3-840x1024.jpg 840w, https:\/\/vivalaoffline.com\/wp-content\/uploads\/2024\/10\/coffret-vivala-3-768x936.jpg 768w, https:\/\/vivalaoffline.com\/wp-content\/uploads\/2024\/10\/coffret-vivala-3-1260x1536.jpg 1260w, https:\/\/vivalaoffline.com\/wp-content\/uploads\/2024\/10\/coffret-vivala-3-41x50.jpg 41w, https:\/\/vivalaoffline.com\/wp-content\/uploads\/2024\/10\/coffret-vivala-3-650x792.jpg 650w, https:\/\/vivalaoffline.com\/wp-content\/uploads\/2024\/10\/coffret-vivala-3-1000x1219.jpg 1000w, https:\/\/vivalaoffline.com\/wp-content\/uploads\/2024\/10\/coffret-vivala-3-50x61.jpg 50w, https:\/\/vivalaoffline.com\/wp-content\/uploads\/2024\/10\/coffret-vivala-3-600x731.jpg 600w, https:\/\/vivalaoffline.com\/wp-content\/uploads\/2024\/10\/coffret-vivala-3.jpg 1536w\" sizes=\"auto, (max-width: 246px) 100vw, 246px\" \/> <img loading=\"lazy\" decoding=\"async\" class=\"alignnone size-medium wp-image-5795\" src=\"https:\/\/vivalaoffline.com\/wp-content\/uploads\/2024\/10\/Coffret-interieur-300x169.png\" alt=\"\" width=\"300\" height=\"169\" srcset=\"https:\/\/vivalaoffline.com\/wp-content\/uploads\/2024\/10\/Coffret-interieur-300x169.png 300w, https:\/\/vivalaoffline.com\/wp-content\/uploads\/2024\/10\/Coffret-interieur-1024x576.png 1024w, https:\/\/vivalaoffline.com\/wp-content\/uploads\/2024\/10\/Coffret-interieur-768x432.png 768w, https:\/\/vivalaoffline.com\/wp-content\/uploads\/2024\/10\/Coffret-interieur-1536x864.png 1536w, https:\/\/vivalaoffline.com\/wp-content\/uploads\/2024\/10\/Coffret-interieur-89x50.png 89w, https:\/\/vivalaoffline.com\/wp-content\/uploads\/2024\/10\/Coffret-interieur-650x366.png 650w, https:\/\/vivalaoffline.com\/wp-content\/uploads\/2024\/10\/Coffret-interieur-1000x563.png 1000w, https:\/\/vivalaoffline.com\/wp-content\/uploads\/2024\/10\/Coffret-interieur-50x28.png 50w, https:\/\/vivalaoffline.com\/wp-content\/uploads\/2024\/10\/Coffret-interieur-600x338.png 600w, https:\/\/vivalaoffline.com\/wp-content\/uploads\/2024\/10\/Coffret-interieur.png 1920w\" sizes=\"auto, (max-width: 300px) 100vw, 300px\" \/> <img loading=\"lazy\" decoding=\"async\" class=\"alignnone size-medium wp-image-5797\" src=\"https:\/\/vivalaoffline.com\/wp-content\/uploads\/2024\/10\/Coffret-Vivala-300x169.png\" alt=\"\" width=\"300\" height=\"169\" srcset=\"https:\/\/vivalaoffline.com\/wp-content\/uploads\/2024\/10\/Coffret-Vivala-300x169.png 300w, https:\/\/vivalaoffline.com\/wp-content\/uploads\/2024\/10\/Coffret-Vivala-1024x576.png 1024w, https:\/\/vivalaoffline.com\/wp-content\/uploads\/2024\/10\/Coffret-Vivala-768x432.png 768w, https:\/\/vivalaoffline.com\/wp-content\/uploads\/2024\/10\/Coffret-Vivala-1536x864.png 1536w, https:\/\/vivalaoffline.com\/wp-content\/uploads\/2024\/10\/Coffret-Vivala-89x50.png 89w, https:\/\/vivalaoffline.com\/wp-content\/uploads\/2024\/10\/Coffret-Vivala-650x366.png 650w, https:\/\/vivalaoffline.com\/wp-content\/uploads\/2024\/10\/Coffret-Vivala-1000x563.png 1000w, https:\/\/vivalaoffline.com\/wp-content\/uploads\/2024\/10\/Coffret-Vivala-50x28.png 50w, https:\/\/vivalaoffline.com\/wp-content\/uploads\/2024\/10\/Coffret-Vivala-600x338.png 600w, https:\/\/vivalaoffline.com\/wp-content\/uploads\/2024\/10\/Coffret-Vivala.png 1920w\" sizes=\"auto, (max-width: 300px) 100vw, 300px\" \/><\/p>\n<p><a href=\"https:\/\/vivalaoffline.com\/en\/produit\/coffret-a-telephone-aide-a-la-deconnexion\/\" class=\"more-link style1-button\">Read More<\/a><\/p>","protected":false},"featured_media":5791,"comment_status":"closed","ping_status":"closed","template":"","meta":[],"product_brand":[],"product_cat":[52],"product_tag":[],"class_list":{"0":"post-5790","1":"product","2":"type-product","3":"status-publish","4":"has-post-thumbnail","6":"product_cat-aide-a-la-deconnexion","8":"first","9":"instock","10":"taxable","11":"shipping-taxable","12":"purchasable","13":"product-type-simple"},"_links":{"self":[{"href":"https:\/\/vivalaoffline.com\/en\/wp-json\/wp\/v2\/product\/5790","targetHints":{"allow":["GET"]}}],"collection":[{"href":"https:\/\/vivalaoffline.com\/en\/wp-json\/wp\/v2\/product"}],"about":[{"href":"https:\/\/vivalaoffline.com\/en\/wp-json\/wp\/v2\/types\/product"}],"replies":[{"embeddable":true,"href":"https:\/\/vivalaoffline.com\/en\/wp-json\/wp\/v2\/comments?post=5790"}],"wp:featuredmedia":[{"embeddable":true,"href":"https:\/\/vivalaoffline.com\/en\/wp-json\/wp\/v2\/media\/5791"}],"wp:attachment":[{"href":"https:\/\/vivalaoffline.com\/en\/wp-json\/wp\/v2\/media?parent=5790"}],"wp:term":[{"taxonomy":"product_brand","embeddable":true,"href":"https:\/\/vivalaoffline.com\/en\/wp-json\/wp\/v2\/product_brand?post=5790"},{"taxonomy":"product_cat","embeddable":true,"href":"https:\/\/vivalaoffline.com\/en\/wp-json\/wp\/v2\/product_cat?post=5790"},{"taxonomy":"product_tag","embeddable":true,"href":"https:\/\/vivalaoffline.com\/en\/wp-json\/wp\/v2\/product_tag?post=5790"}],"curies":[{"name":"wp","href":"https:\/\/api.w.org\/{rel}","templated":true}]}}